{"id":359,"date":"2024-06-13T11:21:32","date_gmt":"2024-06-13T09:21:32","guid":{"rendered":"http:\/\/192.168.13.77\/?page_id=359"},"modified":"2025-04-22T15:50:19","modified_gmt":"2025-04-22T13:50:19","slug":"nos-prestations","status":"publish","type":"page","link":"https:\/\/carrosserielefiacre.com\/index.php\/nos-prestations\/","title":{"rendered":"Nos prestations"},"content":{"rendered":"\t\t<div data-elementor-type=\"wp-page\" data-elementor-id=\"359\" class=\"elementor elementor-359\">\n\t\t\t\t<div class=\"elementor-element elementor-element-7cca2e3 e-con-full e-flex e-con e-parent\" data-id=\"7cca2e3\" data-element_type=\"container\" data-e-type=\"container\" data-settings=\"{&quot;background_background&quot;:&quot;classic&quot;}\">\n\t\t\t\t<div class=\"elementor-element elementor-element-d99efa8 elementor-widget elementor-widget-heading\" data-id=\"d99efa8\" data-element_type=\"widget\" data-e-type=\"widget\" data-widget_type=\"heading.default\">\n\t\t\t\t<div class=\"elementor-widget-container\">\n\t\t\t\t\t<h2 class=\"elementor-heading-title elementor-size-default\">NOS PRESTATIONS<\/h2>\t\t\t\t<\/div>\n\t\t\t\t<\/div>\n\t\t\t\t<\/div>\n\t\t<div class=\"elementor-element elementor-element-9f70ba2 e-con-full e-flex e-con e-parent\" data-id=\"9f70ba2\" data-element_type=\"container\" data-e-type=\"container\" id=\"peinture\">\n\t\t<div class=\"elementor-element elementor-element-024b672 e-con-full e-flex e-con e-child\" data-id=\"024b672\" data-element_type=\"container\" data-e-type=\"container\">\n\t\t\t\t<div class=\"elementor-element elementor-element-f97250c elementor-widget elementor-widget-heading\" data-id=\"f97250c\" data-element_type=\"widget\" data-e-type=\"widget\" data-widget_type=\"heading.default\">\n\t\t\t\t<div class=\"elementor-widget-container\">\n\t\t\t\t\t<h2 class=\"elementor-heading-title elementor-size-default\">NOTRE ATELIER\n<\/h2>\t\t\t\t<\/div>\n\t\t\t\t<\/div>\n\t\t\t\t<div class=\"elementor-element elementor-element-d67a165 elementor-widget-divider--view-line elementor-widget elementor-widget-divider\" data-id=\"d67a165\" data-element_type=\"widget\" data-e-type=\"widget\" data-widget_type=\"divider.default\">\n\t\t\t\t<div class=\"elementor-widget-container\">\n\t\t\t\t\t\t\t<div class=\"elementor-divider\">\n\t\t\t<span class=\"elementor-divider-separator\">\n\t\t\t\t\t\t<\/span>\n\t\t<\/div>\n\t\t\t\t\t\t<\/div>\n\t\t\t\t<\/div>\n\t\t\t\t<div class=\"elementor-element elementor-element-0bc5444 elementor-widget elementor-widget-text-editor\" data-id=\"0bc5444\" data-element_type=\"widget\" data-e-type=\"widget\" data-widget_type=\"text-editor.default\">\n\t\t\t\t<div class=\"elementor-widget-container\">\n\t\t\t\t\t\t\t\t\t<p>Notre \u00e9quipe est experte aux derni\u00e8res techniques en mati\u00e8re de peinture automobile. Nous avons \u00e0 coeur de travailler selon un process qui garantit la qualit\u00e9 du rendu : protection et traitements des surfaces, masticages, pon\u00e7age, appr\u00eatage et marouflage.<\/p><p>Nous choisissons ensemble la teinte \u00e0 appliquer et r\u00e9alisons les sous-couches et couches de finitions.<\/p><p>Nos peintures ainsi r\u00e9alis\u00e9es permettent une grande durabilit\u00e9 et une grande r\u00e9sistances aux UV et intemp\u00e9ries.<\/p>\t\t\t\t\t\t\t\t<\/div>\n\t\t\t\t<\/div>\n\t\t\t\t<\/div>\n\t\t<div class=\"elementor-element elementor-element-8caa2ea e-con-full e-flex e-con e-child\" data-id=\"8caa2ea\" data-element_type=\"container\" data-e-type=\"container\">\n\t\t\t\t<div class=\"elementor-element elementor-element-b03db46 elementor-widget elementor-widget-image\" data-id=\"b03db46\" data-element_type=\"widget\" data-e-type=\"widget\" data-widget_type=\"image.default\">\n\t\t\t\t<div class=\"elementor-widget-container\">\n\t\t\t\t\t\t\t\t\t\t\t\t\t\t\t<img fetchpriority=\"high\" decoding=\"async\" width=\"556\" height=\"390\" src=\"https:\/\/carrosserielefiacre.com\/wp-content\/uploads\/2025\/04\/ATELIER-4-e1745329776571.jpg\" class=\"attachment-full size-full wp-image-815\" alt=\"\" srcset=\"https:\/\/carrosserielefiacre.com\/wp-content\/uploads\/2025\/04\/ATELIER-4-e1745329776571.jpg 556w, https:\/\/carrosserielefiacre.com\/wp-content\/uploads\/2025\/04\/ATELIER-4-e1745329776571-300x210.jpg 300w\" sizes=\"(max-width: 556px) 100vw, 556px\" \/>\t\t\t\t\t\t\t\t\t\t\t\t\t\t\t<\/div>\n\t\t\t\t<\/div>\n\t\t\t\t<\/div>\n\t\t\t\t<\/div>\n\t\t<div class=\"elementor-element elementor-element-ef4fa72 e-con-full e-flex e-con e-parent\" data-id=\"ef4fa72\" data-element_type=\"container\" data-e-type=\"container\" data-settings=\"{&quot;background_background&quot;:&quot;classic&quot;}\">\n\t\t<div class=\"elementor-element elementor-element-aae9ebf e-con-full e-flex e-con e-child\" data-id=\"aae9ebf\" data-element_type=\"container\" data-e-type=\"container\" data-settings=\"{&quot;background_background&quot;:&quot;classic&quot;}\">\n\t\t\t\t<div class=\"elementor-element elementor-element-1834eaa elementor-hidden-tablet elementor-hidden-mobile elementor-widget elementor-widget-image\" data-id=\"1834eaa\" data-element_type=\"widget\" data-e-type=\"widget\" data-widget_type=\"image.default\">\n\t\t\t\t<div class=\"elementor-widget-container\">\n\t\t\t\t\t\t\t\t\t\t\t\t\t\t\t<img decoding=\"async\" width=\"2560\" height=\"1707\" src=\"https:\/\/carrosserielefiacre.com\/wp-content\/uploads\/2024\/04\/DSC03089-scaled.jpg\" class=\"attachment-full size-full wp-image-29\" alt=\"\" srcset=\"https:\/\/carrosserielefiacre.com\/wp-content\/uploads\/2024\/04\/DSC03089-scaled.jpg 2560w, https:\/\/carrosserielefiacre.com\/wp-content\/uploads\/2024\/04\/DSC03089-300x200.jpg 300w, https:\/\/carrosserielefiacre.com\/wp-content\/uploads\/2024\/04\/DSC03089-1024x683.jpg 1024w, https:\/\/carrosserielefiacre.com\/wp-content\/uploads\/2024\/04\/DSC03089-768x512.jpg 768w, https:\/\/carrosserielefiacre.com\/wp-content\/uploads\/2024\/04\/DSC03089-1536x1024.jpg 1536w, https:\/\/carrosserielefiacre.com\/wp-content\/uploads\/2024\/04\/DSC03089-2048x1365.jpg 2048w\" sizes=\"(max-width: 2560px) 100vw, 2560px\" \/>\t\t\t\t\t\t\t\t\t\t\t\t\t\t\t<\/div>\n\t\t\t\t<\/div>\n\t\t\t\t<\/div>\n\t\t<div class=\"elementor-element elementor-element-35dc00e e-con-full e-flex e-con e-child\" data-id=\"35dc00e\" data-element_type=\"container\" data-e-type=\"container\">\n\t\t\t\t<div class=\"elementor-element elementor-element-ef1f1b6 elementor-widget elementor-widget-heading\" data-id=\"ef1f1b6\" data-element_type=\"widget\" data-e-type=\"widget\" data-widget_type=\"heading.default\">\n\t\t\t\t<div class=\"elementor-widget-container\">\n\t\t\t\t\t<h2 class=\"elementor-heading-title elementor-size-default\">NOTRE CARROSSERIE<\/h2>\t\t\t\t<\/div>\n\t\t\t\t<\/div>\n\t\t\t\t<div class=\"elementor-element elementor-element-d6c955a elementor-widget-divider--view-line elementor-widget elementor-widget-divider\" data-id=\"d6c955a\" data-element_type=\"widget\" data-e-type=\"widget\" data-widget_type=\"divider.default\">\n\t\t\t\t<div class=\"elementor-widget-container\">\n\t\t\t\t\t\t\t<div class=\"elementor-divider\">\n\t\t\t<span class=\"elementor-divider-separator\">\n\t\t\t\t\t\t<\/span>\n\t\t<\/div>\n\t\t\t\t\t\t<\/div>\n\t\t\t\t<\/div>\n\t\t\t\t<div class=\"elementor-element elementor-element-4b1c7ce elementor-widget elementor-widget-text-editor\" data-id=\"4b1c7ce\" data-element_type=\"widget\" data-e-type=\"widget\" data-widget_type=\"text-editor.default\">\n\t\t\t\t<div class=\"elementor-widget-container\">\n\t\t\t\t\t\t\t\t\t<p>La carrosserie le Fiacre \u00e0 Marseille r\u00e9alise de nombreuses prestations. R\u00e9parations de carrosserie, redressage, restauration, d\u00e9bosselage, remplacement de vitrages, d\u2019optiques mais aussi r\u00e9parations des \u00e9l\u00e9ments en plastique. Nous maitrisons \u00e9galement le lustrage et le polissage pour raviver la teinte de la carrosserie et supprimer toutes les rayures superficielles.<\/p><p>Nous sommes \u00e0 m\u00eame d\u2019intervenir sur tout type de sinistre , qu\u2019il s\u2019agisse d\u2019un simple accrochage ou d\u2019un choc plus important.\u00a0Nos \u00e9quipes travaillent en carrosserie sur tout type de v\u00e9hicule et b\u00e9n\u00e9ficient d\u2019une expertise reconnue sur les v\u00e9hicules de prestige.<\/p><p>Nous vous mettrons \u00e0 disposition un v\u00e9hicule de courtoisie pendant toute la dur\u00e9e des r\u00e9parations.<\/p>\t\t\t\t\t\t\t\t<\/div>\n\t\t\t\t<\/div>\n\t\t\t\t<\/div>\n\t\t\t\t<\/div>\n\t\t<div class=\"elementor-element elementor-element-b0025b6 e-con-full e-flex e-con e-parent\" data-id=\"b0025b6\" data-element_type=\"container\" data-e-type=\"container\">\n\t\t<div class=\"elementor-element elementor-element-947c18c e-con-full e-flex e-con e-child\" data-id=\"947c18c\" data-element_type=\"container\" data-e-type=\"container\">\n\t\t\t\t<div class=\"elementor-element elementor-element-a7fc430 elementor-widget elementor-widget-heading\" data-id=\"a7fc430\" data-element_type=\"widget\" data-e-type=\"widget\" data-widget_type=\"heading.default\">\n\t\t\t\t<div class=\"elementor-widget-container\">\n\t\t\t\t\t<h2 class=\"elementor-heading-title elementor-size-default\">EXPERTISE ALUMINIUM\n<\/h2>\t\t\t\t<\/div>\n\t\t\t\t<\/div>\n\t\t\t\t<div class=\"elementor-element elementor-element-3461fe0 elementor-widget-divider--view-line elementor-widget elementor-widget-divider\" data-id=\"3461fe0\" data-element_type=\"widget\" data-e-type=\"widget\" data-widget_type=\"divider.default\">\n\t\t\t\t<div class=\"elementor-widget-container\">\n\t\t\t\t\t\t\t<div class=\"elementor-divider\">\n\t\t\t<span class=\"elementor-divider-separator\">\n\t\t\t\t\t\t<\/span>\n\t\t<\/div>\n\t\t\t\t\t\t<\/div>\n\t\t\t\t<\/div>\n\t\t\t\t<div class=\"elementor-element elementor-element-3c90575 elementor-widget elementor-widget-text-editor\" data-id=\"3c90575\" data-element_type=\"widget\" data-e-type=\"widget\" data-widget_type=\"text-editor.default\">\n\t\t\t\t<div class=\"elementor-widget-container\">\n\t\t\t\t\t\t\t\t\t<p>La carrosserie le Fiacre est r\u00e9put\u00e9e pour ses restaurations et son expertise sur les v\u00e9hicules de prestiges et v\u00e9hicules sportifs. La maitrise de l\u2019aluminium est une de nos forces et nous avons \u00e0 c\u0153ur d\u2019\u00eatre \u00e0 la pointe dans ce domaine d\u2019excellence.<\/p><p>L\u2019aluminium n\u00e9cessite un savoir faire particulier et un sens de la pr\u00e9cision tr\u00e8s important. Ce mat\u00e9riau tendre demande beaucoup d\u2019attention et \u00a0un certain coup de main ind\u00e9niable.<\/p>\t\t\t\t\t\t\t\t<\/div>\n\t\t\t\t<\/div>\n\t\t\t\t<\/div>\n\t\t<div class=\"elementor-element elementor-element-f28e71f e-con-full e-flex e-con e-child\" data-id=\"f28e71f\" data-element_type=\"container\" data-e-type=\"container\">\n\t\t\t\t<div class=\"elementor-element elementor-element-92e216b elementor-widget elementor-widget-image\" data-id=\"92e216b\" data-element_type=\"widget\" data-e-type=\"widget\" data-widget_type=\"image.default\">\n\t\t\t\t<div class=\"elementor-widget-container\">\n\t\t\t\t\t\t\t\t\t\t\t\t\t\t\t<img decoding=\"async\" width=\"800\" height=\"347\" src=\"https:\/\/carrosserielefiacre.com\/wp-content\/uploads\/2025\/04\/IMG_1935-e1745320282314-1024x444.png\" class=\"attachment-large size-large wp-image-765\" alt=\"\" srcset=\"https:\/\/carrosserielefiacre.com\/wp-content\/uploads\/2025\/04\/IMG_1935-e1745320282314-1024x444.png 1024w, https:\/\/carrosserielefiacre.com\/wp-content\/uploads\/2025\/04\/IMG_1935-e1745320282314-300x130.png 300w, https:\/\/carrosserielefiacre.com\/wp-content\/uploads\/2025\/04\/IMG_1935-e1745320282314-768x333.png 768w, https:\/\/carrosserielefiacre.com\/wp-content\/uploads\/2025\/04\/IMG_1935-e1745320282314-1536x666.png 1536w, https:\/\/carrosserielefiacre.com\/wp-content\/uploads\/2025\/04\/IMG_1935-e1745320282314-2048x888.png 2048w\" sizes=\"(max-width: 800px) 100vw, 800px\" \/>\t\t\t\t\t\t\t\t\t\t\t\t\t\t\t<\/div>\n\t\t\t\t<\/div>\n\t\t\t\t<\/div>\n\t\t\t\t<\/div>\n\t\t\t\t<\/div>\n\t\t","protected":false},"excerpt":{"rendered":"<p>NOS PRESTATIONS NOTRE ATELIER Notre \u00e9quipe est experte aux derni\u00e8res techniques en mati\u00e8re de peinture automobile. Nous avons \u00e0 coeur de travailler selon un process qui garantit la qualit\u00e9 du rendu : protection et traitements des surfaces, masticages, pon\u00e7age, appr\u00eatage et marouflage. Nous choisissons ensemble la teinte \u00e0 appliquer et r\u00e9alisons les sous-couches et couches [&hellip;]<\/p>\n","protected":false},"author":1,"featured_media":541,"parent":0,"menu_order":0,"comment_status":"closed","ping_status":"closed","template":"elementor_header_footer","meta":{"footnotes":""},"class_list":["post-359","page","type-page","status-publish","has-post-thumbnail","hentry"],"_links":{"self":[{"href":"https:\/\/carrosserielefiacre.com\/index.php\/wp-json\/wp\/v2\/pages\/359","targetHints":{"allow":["GET"]}}],"collection":[{"href":"https:\/\/carrosserielefiacre.com\/index.php\/wp-json\/wp\/v2\/pages"}],"about":[{"href":"https:\/\/carrosserielefiacre.com\/index.php\/wp-json\/wp\/v2\/types\/page"}],"author":[{"embeddable":true,"href":"https:\/\/carrosserielefiacre.com\/index.php\/wp-json\/wp\/v2\/users\/1"}],"replies":[{"embeddable":true,"href":"https:\/\/carrosserielefiacre.com\/index.php\/wp-json\/wp\/v2\/comments?post=359"}],"version-history":[{"count":154,"href":"https:\/\/carrosserielefiacre.com\/index.php\/wp-json\/wp\/v2\/pages\/359\/revisions"}],"predecessor-version":[{"id":821,"href":"https:\/\/carrosserielefiacre.com\/index.php\/wp-json\/wp\/v2\/pages\/359\/revisions\/821"}],"wp:featuredmedia":[{"embeddable":true,"href":"https:\/\/carrosserielefiacre.com\/index.php\/wp-json\/wp\/v2\/media\/541"}],"wp:attachment":[{"href":"https:\/\/carrosserielefiacre.com\/index.php\/wp-json\/wp\/v2\/media?parent=359"}],"curies":[{"name":"wp","href":"https:\/\/api.w.org\/{rel}","templated":true}]}}